{"id":40,"date":"2025-09-08T10:20:02","date_gmt":"2025-09-08T08:20:02","guid":{"rendered":"https:\/\/coffinfolk.se\/?page_id=40"},"modified":"2025-11-14T10:45:50","modified_gmt":"2025-11-14T09:45:50","slug":"hem","status":"publish","type":"page","link":"https:\/\/coffinfolk.se\/en\/","title":{"rendered":"Home"},"content":{"rendered":"<h3 class=\"wp-block-heading has-text-align-left has-text-color has-background has-link-color wp-elements-14a3f1fa11f009ca6b0e768bc8567ea2\" style=\"color:#f6f1eb;background-color:#a0522d;font-size:23px\"><strong>Welcome to Coffinfolk Caf\u00e9<\/strong><\/h3>\n\n\n\n<p class=\"has-text-color has-link-color wp-elements-ff06c4e70f340455ce483eb632715b37\" style=\"color:#3b3b3b\"><strong>Death is hard to talk about.<\/strong><br><strong>That\u2019s why we do it<\/strong> \u2013 with warmth, curiosity, a touch of imagination, and a dash of dark humour.<br><br>Coffinfolk Caf\u00e9 is a low-threshold blog about death and everything that comes with it: grief, cultural heritage, difficult questions, and the kinds of conversations that often get stuck in your throat.<br><br>Through facts and fiction, we hope to make it a little easier to face the things that frighten, confuse, or hurt.  Take your time. Our door is always open to you.<\/p>\n\n\n\n<p class=\"has-text-color has-link-color wp-elements-80ce568e3e8a5923d69f61dcb2f16443\" style=\"color:#3b3b3b\">Each post offers facts and perspectives \u2013 followed by a short story told by Quinley, our caf\u00e9 host, who explores the topic alongside her friend, mentor, and guide: Herrow \u2013 Death himself. Their stories unfold inside the cosy caf\u00e9, or somewhere else entirely \u2013 in another time, another place.<\/p>\n\n\n\n<p class=\"has-text-color has-background has-link-color wp-elements-2058511ca438c9c6c87b9e5c7799c12f\" style=\"color:#f6f1eb;background-color:#718072\">\ud83d\udcc5 New blogpost every friday<\/p>\n\n\n\n<h3 class=\"wp-block-heading has-text-color has-link-color wp-elements-d9e7ccb6aadebd0b047ecbcc7eb443e6\" style=\"color:#3b3b3b\"><strong>Here at Coffinfolk Caf\u00e9 you\u2019ll be able to read about\u2026<\/strong><\/h3>\n\n\n\n<p class=\"has-text-color has-link-color wp-elements-ef3d32908b89a5b6926044166b4e7b7f\" style=\"color:#3b3b3b\"><strong>Grief &amp; comfort<\/strong> \u2013 how we face death and remember our loved ones.<br><strong>Culture &amp; history<\/strong> \u2013 traditions, rituals, and myths from around the world.<br><strong>Funerals &amp; new alternatives<\/strong> \u2013 from ancient customs to green trends.<br><strong>Death in pop culture<\/strong> \u2013 film, books, games, and art.<br><strong>People &amp; encounters<\/strong> \u2013 interviews and stories from those who work close to death.<br><strong>Unexpected perspectives<\/strong> \u2013 unusual facts and thought-provoking questions.<\/p>\n\n\n\n<div class=\"wp-block-buttons is-horizontal is-content-justification-left is-layout-flex wp-container-core-buttons-is-layout-7e5fce0a wp-block-buttons-is-layout-flex\">\n<div class=\"wp-block-button\"><a class=\"wp-block-button__link has-text-color has-background has-link-color wp-element-button\" href=\"https:\/\/coffinfolk.se\/en\/blogg\/\" style=\"color:#f6f1eb;background-color:#718072\">Explore the Blog<\/a><\/div>\n\n\n\n<div class=\"wp-block-button\"><a class=\"wp-block-button__link has-text-color has-background has-link-color wp-element-button\" href=\"https:\/\/coffinfolk.se\/en\/om-coffinfolk\/\" style=\"color:#f6f1eb;background-color:#a0522d\">Read more about Coffinfolk Caf\u00e9<\/a><\/div>\n\n\n\n<div class=\"wp-block-button\"><a class=\"wp-block-button__link has-text-color has-background has-link-color wp-element-button\" href=\"https:\/\/coffinfolk.se\/en\/kontakt\/\" style=\"color:#f6f1eb;background-color:#a0522d\">Contact<\/a><\/div>\n<\/div>","protected":false},"excerpt":{"rendered":"<p>V\u00e4lkommen till Coffinfolk Caf\u00e9 D\u00f6den \u00e4r sv\u00e5r att prata om.D\u00e4rf\u00f6r g\u00f6r vi det \u2013 med v\u00e4rme, nyfikenhet, en smula fantasi och en nypa svart humor. Coffinfolk Caf\u00e9 \u00e4r en l\u00e5gtr\u00f6sklig blogg om d\u00f6den och allt som h\u00f6r till: sorg, kulturarv, fr\u00e5gor och samtal som annars l\u00e4tt fastnar i halsen. Genom fakta och fiktion vill vi&#8230;<\/p>","protected":false},"author":1,"featured_media":0,"parent":0,"menu_order":0,"comment_status":"closed","ping_status":"closed","template":"","meta":{"inline_featured_image":false,"footnotes":""},"class_list":["post-40","page","type-page","status-publish","hentry"],"yoast_head":"<!-- This site is optimized with the Yoast SEO plugin v27.4 - https:\/\/yoast.com\/product\/yoast-seo-wordpress\/ -->\n<title>Hem - Coffinfolk Caf\u00e9<\/title>\n<meta name=\"description\" content=\"Coffinfolk Caf\u00e9 \u00e4r en blogg om d\u00f6den. H\u00e4r m\u00f6ts fakta och fiktion, kunskap och ber\u00e4ttelser. En trygg plats f\u00f6r att l\u00e4ra, l\u00e4sa och l\u00e4ka.\" \/>\n<meta name=\"robots\" content=\"index, follow, max-snippet:-1, max-image-preview:large, max-video-preview:-1\" \/>\n<link rel=\"canonical\" href=\"https:\/\/coffinfolk.se\/en\/\" \/>\n<meta property=\"og:locale\" content=\"en_US\" \/>\n<meta property=\"og:type\" content=\"article\" \/>\n<meta property=\"og:title\" content=\"Hem - Coffinfolk Caf\u00e9\" \/>\n<meta property=\"og:description\" content=\"Coffinfolk Caf\u00e9 \u00e4r en blogg om d\u00f6den. H\u00e4r m\u00f6ts fakta och fiktion, kunskap och ber\u00e4ttelser. En trygg plats f\u00f6r att l\u00e4ra, l\u00e4sa och l\u00e4ka.\" \/>\n<meta property=\"og:url\" content=\"https:\/\/coffinfolk.se\/en\/\" \/>\n<meta property=\"og:site_name\" content=\"Coffinfolk Caf\u00e9\" \/>\n<meta property=\"article:modified_time\" content=\"2025-11-14T09:45:50+00:00\" \/>\n<meta name=\"twitter:card\" content=\"summary_large_image\" \/>\n<meta name=\"twitter:label1\" content=\"Est. reading time\" \/>\n\t<meta name=\"twitter:data1\" content=\"2 minutes\" \/>\n<script type=\"application\/ld+json\" class=\"yoast-schema-graph\">{\"@context\":\"https:\\\/\\\/schema.org\",\"@graph\":[{\"@type\":\"WebPage\",\"@id\":\"https:\\\/\\\/coffinfolk.se\\\/\",\"url\":\"https:\\\/\\\/coffinfolk.se\\\/\",\"name\":\"Hem - Coffinfolk Caf\u00e9\",\"isPartOf\":{\"@id\":\"https:\\\/\\\/coffinfolk.se\\\/#website\"},\"datePublished\":\"2025-09-08T08:20:02+00:00\",\"dateModified\":\"2025-11-14T09:45:50+00:00\",\"description\":\"Coffinfolk Caf\u00e9 \u00e4r en blogg om d\u00f6den. H\u00e4r m\u00f6ts fakta och fiktion, kunskap och ber\u00e4ttelser. En trygg plats f\u00f6r att l\u00e4ra, l\u00e4sa och l\u00e4ka.\",\"breadcrumb\":{\"@id\":\"https:\\\/\\\/coffinfolk.se\\\/#breadcrumb\"},\"inLanguage\":\"en-US\",\"potentialAction\":[{\"@type\":\"ReadAction\",\"target\":[\"https:\\\/\\\/coffinfolk.se\\\/\"]}]},{\"@type\":\"BreadcrumbList\",\"@id\":\"https:\\\/\\\/coffinfolk.se\\\/#breadcrumb\",\"itemListElement\":[{\"@type\":\"ListItem\",\"position\":1,\"name\":\"Hem\",\"item\":\"https:\\\/\\\/coffinfolk.se\\\/\"},{\"@type\":\"ListItem\",\"position\":2,\"name\":\"Hem\"}]},{\"@type\":\"WebSite\",\"@id\":\"https:\\\/\\\/coffinfolk.se\\\/#website\",\"url\":\"https:\\\/\\\/coffinfolk.se\\\/\",\"name\":\"Coffinfolk Caf\u00e9\",\"description\":\"\",\"potentialAction\":[{\"@type\":\"SearchAction\",\"target\":{\"@type\":\"EntryPoint\",\"urlTemplate\":\"https:\\\/\\\/coffinfolk.se\\\/?s={search_term_string}\"},\"query-input\":{\"@type\":\"PropertyValueSpecification\",\"valueRequired\":true,\"valueName\":\"search_term_string\"}}],\"inLanguage\":\"en-US\"}]}<\/script>\n<!-- \/ Yoast SEO plugin. -->","yoast_head_json":{"title":"Hem - Coffinfolk Caf\u00e9","description":"Coffinfolk Caf\u00e9 \u00e4r en blogg om d\u00f6den. H\u00e4r m\u00f6ts fakta och fiktion, kunskap och ber\u00e4ttelser. En trygg plats f\u00f6r att l\u00e4ra, l\u00e4sa och l\u00e4ka.","robots":{"index":"index","follow":"follow","max-snippet":"max-snippet:-1","max-image-preview":"max-image-preview:large","max-video-preview":"max-video-preview:-1"},"canonical":"https:\/\/coffinfolk.se\/en\/","og_locale":"en_US","og_type":"article","og_title":"Hem - Coffinfolk Caf\u00e9","og_description":"Coffinfolk Caf\u00e9 \u00e4r en blogg om d\u00f6den. H\u00e4r m\u00f6ts fakta och fiktion, kunskap och ber\u00e4ttelser. En trygg plats f\u00f6r att l\u00e4ra, l\u00e4sa och l\u00e4ka.","og_url":"https:\/\/coffinfolk.se\/en\/","og_site_name":"Coffinfolk Caf\u00e9","article_modified_time":"2025-11-14T09:45:50+00:00","twitter_card":"summary_large_image","twitter_misc":{"Est. reading time":"2 minutes"},"schema":{"@context":"https:\/\/schema.org","@graph":[{"@type":"WebPage","@id":"https:\/\/coffinfolk.se\/","url":"https:\/\/coffinfolk.se\/","name":"Hem - Coffinfolk Caf\u00e9","isPartOf":{"@id":"https:\/\/coffinfolk.se\/#website"},"datePublished":"2025-09-08T08:20:02+00:00","dateModified":"2025-11-14T09:45:50+00:00","description":"Coffinfolk Caf\u00e9 \u00e4r en blogg om d\u00f6den. H\u00e4r m\u00f6ts fakta och fiktion, kunskap och ber\u00e4ttelser. En trygg plats f\u00f6r att l\u00e4ra, l\u00e4sa och l\u00e4ka.","breadcrumb":{"@id":"https:\/\/coffinfolk.se\/#breadcrumb"},"inLanguage":"en-US","potentialAction":[{"@type":"ReadAction","target":["https:\/\/coffinfolk.se\/"]}]},{"@type":"BreadcrumbList","@id":"https:\/\/coffinfolk.se\/#breadcrumb","itemListElement":[{"@type":"ListItem","position":1,"name":"Hem","item":"https:\/\/coffinfolk.se\/"},{"@type":"ListItem","position":2,"name":"Hem"}]},{"@type":"WebSite","@id":"https:\/\/coffinfolk.se\/#website","url":"https:\/\/coffinfolk.se\/","name":"Coffinfolk Caf\u00e9","description":"","potentialAction":[{"@type":"SearchAction","target":{"@type":"EntryPoint","urlTemplate":"https:\/\/coffinfolk.se\/?s={search_term_string}"},"query-input":{"@type":"PropertyValueSpecification","valueRequired":true,"valueName":"search_term_string"}}],"inLanguage":"en-US"}]}},"_links":{"self":[{"href":"https:\/\/coffinfolk.se\/en\/wp-json\/wp\/v2\/pages\/40","targetHints":{"allow":["GET"]}}],"collection":[{"href":"https:\/\/coffinfolk.se\/en\/wp-json\/wp\/v2\/pages"}],"about":[{"href":"https:\/\/coffinfolk.se\/en\/wp-json\/wp\/v2\/types\/page"}],"author":[{"embeddable":true,"href":"https:\/\/coffinfolk.se\/en\/wp-json\/wp\/v2\/users\/1"}],"replies":[{"embeddable":true,"href":"https:\/\/coffinfolk.se\/en\/wp-json\/wp\/v2\/comments?post=40"}],"version-history":[{"count":41,"href":"https:\/\/coffinfolk.se\/en\/wp-json\/wp\/v2\/pages\/40\/revisions"}],"predecessor-version":[{"id":574,"href":"https:\/\/coffinfolk.se\/en\/wp-json\/wp\/v2\/pages\/40\/revisions\/574"}],"wp:attachment":[{"href":"https:\/\/coffinfolk.se\/en\/wp-json\/wp\/v2\/media?parent=40"}],"curies":[{"name":"wp","href":"https:\/\/api.w.org\/{rel}","templated":true}]}}