{"id":33,"date":"2025-09-08T10:16:06","date_gmt":"2025-09-08T08:16:06","guid":{"rendered":"https:\/\/coffinfolk.se\/?page_id=33"},"modified":"2025-09-21T10:35:52","modified_gmt":"2025-09-21T08:35:52","slug":"kontakt","status":"publish","type":"page","link":"https:\/\/coffinfolk.se\/en\/kontakt\/","title":{"rendered":"Contact"},"content":{"rendered":"<h2 class=\"wp-block-heading has-text-color has-background has-link-color wp-elements-c079347671900afb709d95ae709ac3cc\" style=\"color:#f6f1eb;background-color:#a0522d\"><strong>Contact Coffinfolk Caf\u00e9<\/strong><\/h2>\n\n\n\n<p class=\"has-text-color has-link-color wp-elements-ad955d2d6d42c6c9366e34c850ff82ba\" style=\"color:#3b3b3b\">Do you have questions or thoughts after reading the blog?<br>Would you like to share your own experiences, tip me off about something interesting, or suggest a topic you would like to read (more) about?<\/p>\n\n\n\n<p class=\"has-text-color has-link-color wp-elements-2d9a9344e6939bc618ddbe673fe75a65\" style=\"color:#3b3b3b\">Here at Coffinfolk Caf\u00e9, there\u2019s room for both the big and the small \u2013 from the dead serious to the lighthearted. <br>Here at Coffinfolk Caf\u00e9, there\u2019s room for both the big and the small \u2013 Whether it\u2019s reflections, requests, or stories from your own life \u2013 don\u2019t hesitate to get in touch.<\/p>\n\n\n\n<p class=\"has-text-color has-link-color wp-elements-abf6004507c66e88124bc733d354f5a0\" style=\"color:#3b3b3b\">Fill out the form below or send an email to <strong><a>harley@coffinfolk.se<\/a><\/strong>.<br>If you prefer to stay anonymous, that\u2019s absolutely fine.<\/p>\n\n\n\n<h2 class=\"wp-block-heading has-text-color has-background has-link-color wp-elements-9d7d16cbd5937d81c447022220e8fc2a\" style=\"color:#f6f1eb;background-color:#a0522d\"><strong>For businesses &amp; organizations<\/strong><\/h2>\n\n\n\n<p class=\"has-text-color has-link-color wp-elements-13d06c40ba479a63f31be2948f192798\" style=\"color:#3b3b3b\">Coffinfolk Caf\u00e9 is open to collaboration!<br>If you represent a company, association, or organization connected to death \u2013 grief work, culture, history, or human experiences \u2013 I\u2019d love to hear from you.<\/p>\n\n\n\n<p class=\"has-text-color has-link-color wp-elements-57c1314da5c66611c6641384b51d8c0e\" style=\"color:#3b3b3b\">I'm open to:<\/p>\n\n\n\n<ul class=\"wp-block-list\">\n<li class=\"has-text-color has-link-color wp-elements-f73903cc03dc20eabea71a0b8266dd92\" style=\"color:#3b3b3b\">partnerships and sponsorships<\/li>\n\n\n\n<li class=\"has-text-color has-link-color wp-elements-9b7f144036428fdb60224ea4744dbe7c\" style=\"color:#3b3b3b\">interviews and feature articles<\/li>\n\n\n\n<li class=\"has-text-color has-link-color wp-elements-a8d3fa0c39c66ac51d96764cb03e9cda\" style=\"color:#3b3b3b\">reviews of relevant products or services<\/li>\n\n\n\n<li class=\"has-text-color has-link-color wp-elements-e326ec170a1b9f42e98583941a028e04\" style=\"color:#3b3b3b\">other creative collaborations built on the right values<\/li>\n<\/ul>\n\n\n\n<p class=\"has-text-color has-link-color wp-elements-7226f3d0e36d72be16f9bd16c1dc73a9\" style=\"color:#3b3b3b\">I always reserve the right to decline partnerships that don\u2019t feel like the right fit.<br><strong>Coffinfolk Caf\u00e9\u2019s integrity, voice, and content are not for sale \u2013 here, morality, ethics, and transparency come first.<\/strong> Everything published on the blog is something I stand behind, both with heart and conscience.<\/p>\n\n\n\n<hr class=\"wp-block-separator has-text-color has-alpha-channel-opacity has-background\" style=\"background-color:#3b3b3b;color:#3b3b3b\"\/>\n\n\n\t\t\t<link rel=\"stylesheet\" property=\"stylesheet\" href=\"https:\/\/coffinfolk.se\/wp-content\/plugins\/happyforms\/bundles\/css\/frontend.css\" \/>\n\t\t\t\t<!-- HappyForms CSS variables -->\n\t<style>\n\t#happyforms-247 {\n\t\t--happyforms-part-title-font-size: 16px;\n--happyforms-part-description-font-size: 12px;\n--happyforms-part-value-font-size: 16px;\n--happyforms-submit-button-font-size: 16px;\n--happyforms-color-primary: #000000;\n--happyforms-color-success-notice: #ebf9f0;\n--happyforms-color-success-notice-text: #1eb452;\n--happyforms-color-error: #f23000;\n--happyforms-color-error-notice: #ffeeea;\n--happyforms-color-error-notice-text: #f23000;\n--happyforms-color-part-title: #3b3b3b;\n--happyforms-color-part-value: #3b3b3b;\n--happyforms-color-part-placeholder: #888888;\n--happyforms-color-part-description: #3b3b3b;\n--happyforms-color-part-border: #3b3b3b;\n--happyforms-color-part-border-focus: #a0522d;\n--happyforms-color-part-background: #ffffff;\n--happyforms-color-part-background-focus: #f6f1eb;\n--happyforms-color-submit-background: #3b3b3b;\n--happyforms-color-submit-background-hover: #3b3b3b;\n--happyforms-color-submit-border: ;\n--happyforms-color-submit-text: #f6f1eb;\n--happyforms-color-submit-text-hover: #f6f1eb;\n--happyforms-color-table-row-odd: #fcfcfc;\n--happyforms-color-table-row-even: #efefef;\n--happyforms-color-table-row-odd-text: #000000;\n--happyforms-color-table-row-even-text: #000000;\n--happyforms-color-dropdown-item-bg: #ffffff;\n--happyforms-color-dropdown-item-text: #000000;\n--happyforms-color-dropdown-item-bg-hover: #f4f4f5;\n--happyforms-color-dropdown-item-text-hover: #000000;\n--happyforms-color-divider-hr: #cccccc;\n--happyforms-color-choice-checkmark-bg: #ffffff;\n--happyforms-color-choice-checkmark-bg-focus: #000000;\n--happyforms-color-choice-checkmark-color: #ffffff;\n\t}\n\t<\/style>\n\t<!-- End of HappyForms CSS variables -->\n\t\t<!-- HappyForms Additional CSS -->\n\t<style data-happyforms-additional-css>\n\t\t<\/style>\n\t<!-- End of HappyForms Additional CSS -->\n\t\t\t<link rel=\"stylesheet\" type=\"text\/css\" href=\"https:\/\/coffinfolk.se\/wp-content\/plugins\/happyforms\/core\/assets\/css\/no-interaction.css\">\n\t\t<div class=\"happyforms-form happyforms-styles\" id=\"happyforms-247\">\n\t\t\n\t<form action=\"\" id=\"happyforms-form-247\" method=\"post\" novalidate=\"true\" autocomplete=\"off\" data-trp-original-action=\"\">\n\t\t\t\t<input type=\"hidden\" name=\"happyforms_random_seed\" value=\"611839405\" \/>\n\t\t\n\t\t\t<input type=\"hidden\" name=\"action\" value=\"happyforms_message\">\n\t\t\t\t<input type=\"hidden\" name=\"client_referer\" value=\"\">\n\t\t\t\t<input type=\"hidden\" name=\"current_post_id\" value=\"\">\n\t\t\t\t<input type=\"hidden\" name=\"happyforms_form_id\" value=\"247\" \/>\n\t\t\t\t<input type=\"hidden\" name=\"happyforms_step\" value=\"0\" \/>\n\t\n\t\t<div class=\"happyforms-flex\">\n\t\t\t\t<label for=\"247-multi_line_text\" class=\"screen-reader-text\">Leave this field blank<\/label>\n\t<input type=\"text\" id=\"247-multi_line_text\" name=\"247-multi_line_text\" style=\"display: none;\" tabindex=\"-1\" autocomplete=\"off\" aria-hidden=\"true\">\n\t\t\t\t\t\t\t\t\t\t<div class=\"happyforms-form__part happyforms-part happyforms-part--single_line_text happyforms-part--width-half happyforms-part--label-show\" id=\"happyforms-247_single_line_text_0-part\" data-happyforms-type=\"single_line_text\" data-happyforms-id=\"single_line_text_0\" data-happyforms-required=\"\">\n\t<div class=\"happyforms-part-wrap\">\n\t\t\n\t\t\t\t\t\t<div class=\"happyforms-part__label-container\">\n\t\t\t\t<label for=\"happyforms-247_single_line_text_0\" class=\"happyforms-part__label\">\n\t\t\t<span class=\"label\">Name<\/span>\n\t\t\t\t\t\t\t\t\t\t<span class=\"happyforms-required\"><\/span>\n\t\t\t\t\t\t\t\t\t\t<span class=\"happyforms-optional\">(valfritt)<\/span>\n\t\t\t\t\t<\/label>\n\t\t\t<\/div>\n\t\t\t\n\t\t\n\t\t<div class=\"happyforms-part__el\">\n\t\t\t\n\t\t\t\n\t\t\t<div class=\"happyforms-input\">\n\t\t\t\t\n\t\t\t\t<input id=\"happyforms-247_single_line_text_0\" type=\"text\" name=\"247_single_line_text_0\" value=\"\" placeholder=\"\" autocomplete=\"off\" spellcheck=\"false\"  autocorrect=\"off\" \/>\n\t\t\t\t\t\t\t<\/div>\n\n\t\t\t\n\t\t\t\n\t\t\t\t\t<\/div>\n\t<\/div>\n<\/div>\n<div class=\"happyforms-part--with-autocomplete happyforms-form__part happyforms-part happyforms-part--email happyforms-part--width-half happyforms-part--label-show\" id=\"happyforms-247_email_2-part\" data-happyforms-type=\"email\" data-happyforms-id=\"email_2\" data-happyforms-required=\"\">\n\t\t<div class=\"happyforms-part-wrap\">\n\t\t\t\t\t\t<div class=\"happyforms-part__label-container\">\n\t\t\t\t<label for=\"happyforms-247_email_2\" class=\"happyforms-part__label\">\n\t\t\t<span class=\"label\">E-mail<\/span>\n\t\t\t\t\t\t\t\t\t\t<span class=\"happyforms-required\"><\/span>\n\t\t\t\t\t\t\t\t\t\t<span class=\"happyforms-optional\">(valfritt)<\/span>\n\t\t\t\t\t<\/label>\n\t\t\t<\/div>\n\t\t\t\n\t\t\n\t\t<div class=\"happyforms-part__el\">\n\t\t\t\n\t\t\t\n\t\t\t<div class=\"happyforms-input\">\n\t\t\t\t<input type=\"email\" name=\"247_email_2\" id=\"happyforms-247_email_2\" value=\"\" placeholder=\"\" autocomplete=\"off\" spellcheck=\"false\"  autocorrect=\"off\" \/>\n\t\t\t\t\t\t\t<\/div>\n\n\t\t\t\n\t\t\t\n\t\t\t\t\t<\/div>\n\t<\/div>\n<\/div>\n<div class=\"happyforms-form__part happyforms-part happyforms-part--multi_line_text happyforms-part--width-full happyforms-part--label-show\" id=\"happyforms-247_multi_line_text_3-part\" data-happyforms-type=\"multi_line_text\" data-happyforms-id=\"multi_line_text_3\" data-happyforms-required=\"\">\n\t<div class=\"happyforms-part-wrap\">\n\t\t\t\t\t\t<div class=\"happyforms-part__label-container\">\n\t\t\t\t<label for=\"happyforms-247_multi_line_text_3\" class=\"happyforms-part__label\">\n\t\t\t<span class=\"label\">Message<\/span>\n\t\t\t\t\t\t\t\t\t\t<span class=\"happyforms-required\"><\/span>\n\t\t\t\t\t\t\t\t\t\t<span class=\"happyforms-optional\">(valfritt)<\/span>\n\t\t\t\t\t<\/label>\n\t\t\t<\/div>\n\t\t\t\n\t\t\n\t\t<div class=\"happyforms-part__el\">\n\t\t\t\n\t\t\t\t\t\t<textarea id=\"happyforms-247_multi_line_text_3\" name=\"247_multi_line_text_3\" rows=\"5\" placeholder=\"\" autocomplete=\"off\" spellcheck=\"false\" autocorrect=\"off\" ><\/textarea>\n\t\t\t\n\t\t\t\n\t\t\t\t\t<\/div>\n\t<\/div>\n<\/div>\n\t\t\t\t\t\t<div class=\"happyforms-form__part happyforms-part happyforms-part--submit\">\n\t\t<button type=\"submit\" class=\"happyforms-submit happyforms-button--submit\">Send<\/button>\n\t<\/div>\t\t<\/div>\n\n\t\t\t<input type=\"hidden\" name=\"trp-form-language\" value=\"en\"\/><\/form>\n\n\t<\/div>","protected":false},"excerpt":{"rendered":"<p>Kontakta Coffinfolk Caf\u00e9 Har du fr\u00e5gor eller tankar efter att ha l\u00e4st h\u00e4r p\u00e5 bloggen?Vill du dela med dig av egna upplevelser, tipsa om n\u00e5got sp\u00e4nnande eller \u00f6nska ett \u00e4mne du vill l\u00e4sa (mer) om? Listan \u00f6ver kommande inl\u00e4gg \u00e4r l\u00e5ng \u2013 men den kan alltid bli l\u00e4ngre! H\u00e4r p\u00e5 Coffinfolk Caf\u00e9 finns det plats&#8230;<\/p>","protected":false},"author":1,"featured_media":0,"parent":0,"menu_order":0,"comment_status":"closed","ping_status":"closed","template":"","meta":{"inline_featured_image":false,"footnotes":""},"class_list":["post-33","page","type-page","status-publish","hentry"],"yoast_head":"<!-- This site is optimized with the Yoast SEO plugin v27.4 - https:\/\/yoast.com\/product\/yoast-seo-wordpress\/ -->\n<title>Kontakt - Coffinfolk Caf\u00e9<\/title>\n<meta name=\"description\" content=\"Kontakta Coffinfolk Caf\u00e9 \u2013 st\u00e4ll fr\u00e5gor, dela tankar och minnen. H\u00e4r \u00e4r samtal, ber\u00e4ttelser och samarbeten alltid v\u00e4lkomna.\" \/>\n<meta name=\"robots\" content=\"index, follow, max-snippet:-1, max-image-preview:large, max-video-preview:-1\" \/>\n<link rel=\"canonical\" href=\"https:\/\/coffinfolk.se\/en\/kontakt\/\" \/>\n<meta property=\"og:locale\" content=\"en_US\" \/>\n<meta property=\"og:type\" content=\"article\" \/>\n<meta property=\"og:title\" content=\"Kontakt - Coffinfolk Caf\u00e9\" \/>\n<meta property=\"og:description\" content=\"Kontakta Coffinfolk Caf\u00e9 \u2013 st\u00e4ll fr\u00e5gor, dela tankar och minnen. H\u00e4r \u00e4r samtal, ber\u00e4ttelser och samarbeten alltid v\u00e4lkomna.\" \/>\n<meta property=\"og:url\" content=\"https:\/\/coffinfolk.se\/en\/kontakt\/\" \/>\n<meta property=\"og:site_name\" content=\"Coffinfolk Caf\u00e9\" \/>\n<meta property=\"article:modified_time\" content=\"2025-09-21T08:35:52+00:00\" \/>\n<meta name=\"twitter:card\" content=\"summary_large_image\" \/>\n<meta name=\"twitter:label1\" content=\"Est. reading time\" \/>\n\t<meta name=\"twitter:data1\" content=\"2 minutes\" \/>\n<script type=\"application\/ld+json\" class=\"yoast-schema-graph\">{\"@context\":\"https:\\\/\\\/schema.org\",\"@graph\":[{\"@type\":\"WebPage\",\"@id\":\"https:\\\/\\\/coffinfolk.se\\\/kontakt\\\/\",\"url\":\"https:\\\/\\\/coffinfolk.se\\\/kontakt\\\/\",\"name\":\"Kontakt - Coffinfolk Caf\u00e9\",\"isPartOf\":{\"@id\":\"https:\\\/\\\/coffinfolk.se\\\/#website\"},\"datePublished\":\"2025-09-08T08:16:06+00:00\",\"dateModified\":\"2025-09-21T08:35:52+00:00\",\"description\":\"Kontakta Coffinfolk Caf\u00e9 \u2013 st\u00e4ll fr\u00e5gor, dela tankar och minnen. H\u00e4r \u00e4r samtal, ber\u00e4ttelser och samarbeten alltid v\u00e4lkomna.\",\"breadcrumb\":{\"@id\":\"https:\\\/\\\/coffinfolk.se\\\/kontakt\\\/#breadcrumb\"},\"inLanguage\":\"en-US\",\"potentialAction\":[{\"@type\":\"ReadAction\",\"target\":[\"https:\\\/\\\/coffinfolk.se\\\/kontakt\\\/\"]}]},{\"@type\":\"BreadcrumbList\",\"@id\":\"https:\\\/\\\/coffinfolk.se\\\/kontakt\\\/#breadcrumb\",\"itemListElement\":[{\"@type\":\"ListItem\",\"position\":1,\"name\":\"Hem\",\"item\":\"https:\\\/\\\/coffinfolk.se\\\/\"},{\"@type\":\"ListItem\",\"position\":2,\"name\":\"Kontakt\"}]},{\"@type\":\"WebSite\",\"@id\":\"https:\\\/\\\/coffinfolk.se\\\/#website\",\"url\":\"https:\\\/\\\/coffinfolk.se\\\/\",\"name\":\"Coffinfolk Caf\u00e9\",\"description\":\"\",\"potentialAction\":[{\"@type\":\"SearchAction\",\"target\":{\"@type\":\"EntryPoint\",\"urlTemplate\":\"https:\\\/\\\/coffinfolk.se\\\/?s={search_term_string}\"},\"query-input\":{\"@type\":\"PropertyValueSpecification\",\"valueRequired\":true,\"valueName\":\"search_term_string\"}}],\"inLanguage\":\"en-US\"}]}<\/script>\n<!-- \/ Yoast SEO plugin. -->","yoast_head_json":{"title":"Kontakt - Coffinfolk Caf\u00e9","description":"Kontakta Coffinfolk Caf\u00e9 \u2013 st\u00e4ll fr\u00e5gor, dela tankar och minnen. H\u00e4r \u00e4r samtal, ber\u00e4ttelser och samarbeten alltid v\u00e4lkomna.","robots":{"index":"index","follow":"follow","max-snippet":"max-snippet:-1","max-image-preview":"max-image-preview:large","max-video-preview":"max-video-preview:-1"},"canonical":"https:\/\/coffinfolk.se\/en\/kontakt\/","og_locale":"en_US","og_type":"article","og_title":"Kontakt - Coffinfolk Caf\u00e9","og_description":"Kontakta Coffinfolk Caf\u00e9 \u2013 st\u00e4ll fr\u00e5gor, dela tankar och minnen. H\u00e4r \u00e4r samtal, ber\u00e4ttelser och samarbeten alltid v\u00e4lkomna.","og_url":"https:\/\/coffinfolk.se\/en\/kontakt\/","og_site_name":"Coffinfolk Caf\u00e9","article_modified_time":"2025-09-21T08:35:52+00:00","twitter_card":"summary_large_image","twitter_misc":{"Est. reading time":"2 minutes"},"schema":{"@context":"https:\/\/schema.org","@graph":[{"@type":"WebPage","@id":"https:\/\/coffinfolk.se\/kontakt\/","url":"https:\/\/coffinfolk.se\/kontakt\/","name":"Kontakt - Coffinfolk Caf\u00e9","isPartOf":{"@id":"https:\/\/coffinfolk.se\/#website"},"datePublished":"2025-09-08T08:16:06+00:00","dateModified":"2025-09-21T08:35:52+00:00","description":"Kontakta Coffinfolk Caf\u00e9 \u2013 st\u00e4ll fr\u00e5gor, dela tankar och minnen. H\u00e4r \u00e4r samtal, ber\u00e4ttelser och samarbeten alltid v\u00e4lkomna.","breadcrumb":{"@id":"https:\/\/coffinfolk.se\/kontakt\/#breadcrumb"},"inLanguage":"en-US","potentialAction":[{"@type":"ReadAction","target":["https:\/\/coffinfolk.se\/kontakt\/"]}]},{"@type":"BreadcrumbList","@id":"https:\/\/coffinfolk.se\/kontakt\/#breadcrumb","itemListElement":[{"@type":"ListItem","position":1,"name":"Hem","item":"https:\/\/coffinfolk.se\/"},{"@type":"ListItem","position":2,"name":"Kontakt"}]},{"@type":"WebSite","@id":"https:\/\/coffinfolk.se\/#website","url":"https:\/\/coffinfolk.se\/","name":"Coffinfolk Caf\u00e9","description":"","potentialAction":[{"@type":"SearchAction","target":{"@type":"EntryPoint","urlTemplate":"https:\/\/coffinfolk.se\/?s={search_term_string}"},"query-input":{"@type":"PropertyValueSpecification","valueRequired":true,"valueName":"search_term_string"}}],"inLanguage":"en-US"}]}},"_links":{"self":[{"href":"https:\/\/coffinfolk.se\/en\/wp-json\/wp\/v2\/pages\/33","targetHints":{"allow":["GET"]}}],"collection":[{"href":"https:\/\/coffinfolk.se\/en\/wp-json\/wp\/v2\/pages"}],"about":[{"href":"https:\/\/coffinfolk.se\/en\/wp-json\/wp\/v2\/types\/page"}],"author":[{"embeddable":true,"href":"https:\/\/coffinfolk.se\/en\/wp-json\/wp\/v2\/users\/1"}],"replies":[{"embeddable":true,"href":"https:\/\/coffinfolk.se\/en\/wp-json\/wp\/v2\/comments?post=33"}],"version-history":[{"count":19,"href":"https:\/\/coffinfolk.se\/en\/wp-json\/wp\/v2\/pages\/33\/revisions"}],"predecessor-version":[{"id":341,"href":"https:\/\/coffinfolk.se\/en\/wp-json\/wp\/v2\/pages\/33\/revisions\/341"}],"wp:attachment":[{"href":"https:\/\/coffinfolk.se\/en\/wp-json\/wp\/v2\/media?parent=33"}],"curies":[{"name":"wp","href":"https:\/\/api.w.org\/{rel}","templated":true}]}}